{"id":39,"date":"2021-01-27T18:56:27","date_gmt":"2021-01-27T18:56:27","guid":{"rendered":"http:\/\/racccle.com\/?page_id=39"},"modified":"2021-01-29T22:50:00","modified_gmt":"2021-01-29T22:50:00","slug":"la-furia","status":"publish","type":"page","link":"https:\/\/racccle.com\/index.php\/la-furia\/","title":{"rendered":"La Furia"},"content":{"rendered":"\n<div class=\"wp-block-columns is-layout-flex wp-container-core-columns-is-layout-9d6595d7 wp-block-columns-is-layout-flex\">\n<div class=\"wp-block-column is-layout-flow wp-block-column-is-layout-flow\">\n<div class=\"wp-block-image\"><figure class=\"aligncenter size-full\"><img fetchpriority=\"high\" decoding=\"async\" width=\"2560\" height=\"1873\" src=\"http:\/\/racccle.com\/wp-content\/uploads\/2021\/01\/editorial_lafuria_00111-scaled.jpg\" alt=\"\" class=\"wp-image-564\" srcset=\"https:\/\/racccle.com\/wp-content\/uploads\/2021\/01\/editorial_lafuria_00111-scaled.jpg 2560w, https:\/\/racccle.com\/wp-content\/uploads\/2021\/01\/editorial_lafuria_00111-scaled-600x439.jpg 600w, https:\/\/racccle.com\/wp-content\/uploads\/2021\/01\/editorial_lafuria_00111-300x220.jpg 300w, https:\/\/racccle.com\/wp-content\/uploads\/2021\/01\/editorial_lafuria_00111-1024x749.jpg 1024w, https:\/\/racccle.com\/wp-content\/uploads\/2021\/01\/editorial_lafuria_00111-768x562.jpg 768w, https:\/\/racccle.com\/wp-content\/uploads\/2021\/01\/editorial_lafuria_00111-1536x1124.jpg 1536w, https:\/\/racccle.com\/wp-content\/uploads\/2021\/01\/editorial_lafuria_00111-2048x1499.jpg 2048w\" sizes=\"(max-width: 2560px) 100vw, 2560px\" \/><\/figure><\/div>\n\n\n\n<div style=\"height:40px\" aria-hidden=\"true\" class=\"wp-block-spacer\"><\/div>\n\n\n\n<p><\/p>\n<\/div>\n<\/div>\n\n\n\n<h1 class=\"has-text-align-center has-text-color has-large-font-size wp-block-heading\" style=\"color:#ff0004\"><strong><em>La Furia<\/em><\/strong><\/h1>\n\n\n\n<h3 class=\"has-text-align-center has-text-color has-medium-font-size wp-block-heading\" style=\"color:#ff0004\">Fotograf\u00edas promocionales de la sudadera<strong> UZI\u00b7LOVE <em>No me duele<\/em><\/strong> para el colectivo La Furia, <\/h3>\n\n\n\n<h3 class=\"has-text-align-center has-text-color has-medium-font-size wp-block-heading\" style=\"color:#ff0004\">Sevilla\/Jerez &#8211; 2018\/2019<\/h3>\n\n\n\n<div style=\"height:100px\" aria-hidden=\"true\" class=\"wp-block-spacer\"><\/div>\n\n\n\n<div class=\"wp-block-columns is-layout-flex wp-container-core-columns-is-layout-9d6595d7 wp-block-columns-is-layout-flex\">\n<div class=\"wp-block-column is-layout-flow wp-block-column-is-layout-flow\">\n<figure class=\"wp-block-gallery columns-8 is-cropped has-lightbox wp-block-gallery-1 is-layout-flex wp-block-gallery-is-layout-flex\"><ul class=\"blocks-gallery-grid\"><li class=\"blocks-gallery-item\"><figure><img decoding=\"async\" width=\"1654\" height=\"2480\" src=\"http:\/\/racccle.com\/wp-content\/uploads\/2021\/01\/IMG_5349-1.jpg\" alt=\"\" data-id=\"582\" data-full-url=\"http:\/\/racccle.com\/wp-content\/uploads\/2021\/01\/IMG_5349-1.jpg\" data-link=\"http:\/\/racccle.com\/index.php\/la-furia\/img_5349-2\/\" class=\"wp-image-582\" srcset=\"https:\/\/racccle.com\/wp-content\/uploads\/2021\/01\/IMG_5349-1.jpg 1654w, https:\/\/racccle.com\/wp-content\/uploads\/2021\/01\/IMG_5349-1-600x900.jpg 600w, https:\/\/racccle.com\/wp-content\/uploads\/2021\/01\/IMG_5349-1-200x300.jpg 200w, https:\/\/racccle.com\/wp-content\/uploads\/2021\/01\/IMG_5349-1-683x1024.jpg 683w, https:\/\/racccle.com\/wp-content\/uploads\/2021\/01\/IMG_5349-1-768x1152.jpg 768w, https:\/\/racccle.com\/wp-content\/uploads\/2021\/01\/IMG_5349-1-1024x1536.jpg 1024w, https:\/\/racccle.com\/wp-content\/uploads\/2021\/01\/IMG_5349-1-1366x2048.jpg 1366w\" sizes=\"(max-width: 1654px) 100vw, 1654px\" \/><\/figure><\/li><li class=\"blocks-gallery-item\"><figure><img decoding=\"async\" width=\"2362\" height=\"1561\" src=\"http:\/\/racccle.com\/wp-content\/uploads\/2021\/01\/editorial_lafuria_008.jpg\" alt=\"\" data-id=\"575\" data-full-url=\"http:\/\/racccle.com\/wp-content\/uploads\/2021\/01\/editorial_lafuria_008.jpg\" data-link=\"http:\/\/racccle.com\/index.php\/la-furia\/editorial_lafuria_008\/\" class=\"wp-image-575\" srcset=\"https:\/\/racccle.com\/wp-content\/uploads\/2021\/01\/editorial_lafuria_008.jpg 2362w, https:\/\/racccle.com\/wp-content\/uploads\/2021\/01\/editorial_lafuria_008-600x397.jpg 600w, https:\/\/racccle.com\/wp-content\/uploads\/2021\/01\/editorial_lafuria_008-300x198.jpg 300w, https:\/\/racccle.com\/wp-content\/uploads\/2021\/01\/editorial_lafuria_008-1024x677.jpg 1024w, https:\/\/racccle.com\/wp-content\/uploads\/2021\/01\/editorial_lafuria_008-768x508.jpg 768w, https:\/\/racccle.com\/wp-content\/uploads\/2021\/01\/editorial_lafuria_008-1536x1015.jpg 1536w, https:\/\/racccle.com\/wp-content\/uploads\/2021\/01\/editorial_lafuria_008-2048x1353.jpg 2048w\" sizes=\"(max-width: 2362px) 100vw, 2362px\" \/><\/figure><\/li><li class=\"blocks-gallery-item\"><figure><img loading=\"lazy\" decoding=\"async\" width=\"2108\" height=\"2560\" src=\"http:\/\/racccle.com\/wp-content\/uploads\/2021\/01\/editorial_lafuria_010-scaled.jpg\" alt=\"\" data-id=\"576\" data-full-url=\"http:\/\/racccle.com\/wp-content\/uploads\/2021\/01\/editorial_lafuria_010-scaled.jpg\" data-link=\"http:\/\/racccle.com\/index.php\/la-furia\/editorial_lafuria_010\/\" class=\"wp-image-576\" srcset=\"https:\/\/racccle.com\/wp-content\/uploads\/2021\/01\/editorial_lafuria_010-scaled.jpg 2108w, https:\/\/racccle.com\/wp-content\/uploads\/2021\/01\/editorial_lafuria_010-scaled-600x729.jpg 600w, https:\/\/racccle.com\/wp-content\/uploads\/2021\/01\/editorial_lafuria_010-247x300.jpg 247w, https:\/\/racccle.com\/wp-content\/uploads\/2021\/01\/editorial_lafuria_010-843x1024.jpg 843w, https:\/\/racccle.com\/wp-content\/uploads\/2021\/01\/editorial_lafuria_010-768x933.jpg 768w, https:\/\/racccle.com\/wp-content\/uploads\/2021\/01\/editorial_lafuria_010-1265x1536.jpg 1265w, https:\/\/racccle.com\/wp-content\/uploads\/2021\/01\/editorial_lafuria_010-1686x2048.jpg 1686w\" sizes=\"(max-width: 2108px) 100vw, 2108px\" \/><\/figure><\/li><li class=\"blocks-gallery-item\"><figure><img loading=\"lazy\" decoding=\"async\" width=\"2126\" height=\"1417\" src=\"http:\/\/racccle.com\/wp-content\/uploads\/2021\/01\/editorial_lafuria_012.jpg\" alt=\"\" data-id=\"578\" data-full-url=\"http:\/\/racccle.com\/wp-content\/uploads\/2021\/01\/editorial_lafuria_012.jpg\" data-link=\"http:\/\/racccle.com\/index.php\/la-furia\/editorial_lafuria_012\/\" class=\"wp-image-578\" srcset=\"https:\/\/racccle.com\/wp-content\/uploads\/2021\/01\/editorial_lafuria_012.jpg 2126w, https:\/\/racccle.com\/wp-content\/uploads\/2021\/01\/editorial_lafuria_012-600x400.jpg 600w, https:\/\/racccle.com\/wp-content\/uploads\/2021\/01\/editorial_lafuria_012-300x200.jpg 300w, https:\/\/racccle.com\/wp-content\/uploads\/2021\/01\/editorial_lafuria_012-1024x683.jpg 1024w, https:\/\/racccle.com\/wp-content\/uploads\/2021\/01\/editorial_lafuria_012-768x512.jpg 768w, https:\/\/racccle.com\/wp-content\/uploads\/2021\/01\/editorial_lafuria_012-1536x1024.jpg 1536w, https:\/\/racccle.com\/wp-content\/uploads\/2021\/01\/editorial_lafuria_012-2048x1365.jpg 2048w\" sizes=\"(max-width: 2126px) 100vw, 2126px\" \/><\/figure><\/li><li class=\"blocks-gallery-item\"><figure><img loading=\"lazy\" decoding=\"async\" width=\"1709\" height=\"2560\" src=\"http:\/\/racccle.com\/wp-content\/uploads\/2021\/01\/editorial_lafuria_006-scaled.jpg\" alt=\"\" data-id=\"573\" data-full-url=\"http:\/\/racccle.com\/wp-content\/uploads\/2021\/01\/editorial_lafuria_006-scaled.jpg\" data-link=\"http:\/\/racccle.com\/index.php\/la-furia\/editorial_lafuria_006\/\" class=\"wp-image-573\" srcset=\"https:\/\/racccle.com\/wp-content\/uploads\/2021\/01\/editorial_lafuria_006-scaled.jpg 1709w, https:\/\/racccle.com\/wp-content\/uploads\/2021\/01\/editorial_lafuria_006-scaled-600x899.jpg 600w, https:\/\/racccle.com\/wp-content\/uploads\/2021\/01\/editorial_lafuria_006-200x300.jpg 200w, https:\/\/racccle.com\/wp-content\/uploads\/2021\/01\/editorial_lafuria_006-684x1024.jpg 684w, https:\/\/racccle.com\/wp-content\/uploads\/2021\/01\/editorial_lafuria_006-768x1150.jpg 768w, https:\/\/racccle.com\/wp-content\/uploads\/2021\/01\/editorial_lafuria_006-1025x1536.jpg 1025w, https:\/\/racccle.com\/wp-content\/uploads\/2021\/01\/editorial_lafuria_006-1367x2048.jpg 1367w\" sizes=\"(max-width: 1709px) 100vw, 1709px\" \/><\/figure><\/li><li class=\"blocks-gallery-item\"><figure><img loading=\"lazy\" decoding=\"async\" width=\"1772\" height=\"1772\" src=\"http:\/\/racccle.com\/wp-content\/uploads\/2021\/01\/editorial_lafuria_011.jpg\" alt=\"\" data-id=\"577\" data-full-url=\"http:\/\/racccle.com\/wp-content\/uploads\/2021\/01\/editorial_lafuria_011.jpg\" data-link=\"http:\/\/racccle.com\/index.php\/la-furia\/editorial_lafuria_011\/\" class=\"wp-image-577\" srcset=\"https:\/\/racccle.com\/wp-content\/uploads\/2021\/01\/editorial_lafuria_011.jpg 1772w, https:\/\/racccle.com\/wp-content\/uploads\/2021\/01\/editorial_lafuria_011-100x100.jpg 100w, https:\/\/racccle.com\/wp-content\/uploads\/2021\/01\/editorial_lafuria_011-600x600.jpg 600w, https:\/\/racccle.com\/wp-content\/uploads\/2021\/01\/editorial_lafuria_011-300x300.jpg 300w, https:\/\/racccle.com\/wp-content\/uploads\/2021\/01\/editorial_lafuria_011-1024x1024.jpg 1024w, https:\/\/racccle.com\/wp-content\/uploads\/2021\/01\/editorial_lafuria_011-150x150.jpg 150w, https:\/\/racccle.com\/wp-content\/uploads\/2021\/01\/editorial_lafuria_011-768x768.jpg 768w, https:\/\/racccle.com\/wp-content\/uploads\/2021\/01\/editorial_lafuria_011-1536x1536.jpg 1536w, https:\/\/racccle.com\/wp-content\/uploads\/2021\/01\/editorial_lafuria_011-640x640.jpg 640w, https:\/\/racccle.com\/wp-content\/uploads\/2021\/01\/editorial_lafuria_011-1000x1000.jpg 1000w, https:\/\/racccle.com\/wp-content\/uploads\/2021\/01\/editorial_lafuria_011-480x480.jpg 480w, https:\/\/racccle.com\/wp-content\/uploads\/2021\/01\/editorial_lafuria_011-50x50.jpg 50w\" sizes=\"(max-width: 1772px) 100vw, 1772px\" \/><\/figure><\/li><li class=\"blocks-gallery-item\"><figure><img loading=\"lazy\" decoding=\"async\" width=\"1857\" height=\"2560\" src=\"http:\/\/racccle.com\/wp-content\/uploads\/2021\/01\/editorial_lafuria_007-scaled.jpg\" alt=\"\" data-id=\"574\" data-full-url=\"http:\/\/racccle.com\/wp-content\/uploads\/2021\/01\/editorial_lafuria_007-scaled.jpg\" data-link=\"http:\/\/racccle.com\/index.php\/la-furia\/editorial_lafuria_007\/\" class=\"wp-image-574\" srcset=\"https:\/\/racccle.com\/wp-content\/uploads\/2021\/01\/editorial_lafuria_007-scaled.jpg 1857w, https:\/\/racccle.com\/wp-content\/uploads\/2021\/01\/editorial_lafuria_007-scaled-600x827.jpg 600w, https:\/\/racccle.com\/wp-content\/uploads\/2021\/01\/editorial_lafuria_007-218x300.jpg 218w, https:\/\/racccle.com\/wp-content\/uploads\/2021\/01\/editorial_lafuria_007-743x1024.jpg 743w, https:\/\/racccle.com\/wp-content\/uploads\/2021\/01\/editorial_lafuria_007-768x1059.jpg 768w, https:\/\/racccle.com\/wp-content\/uploads\/2021\/01\/editorial_lafuria_007-1114x1536.jpg 1114w, https:\/\/racccle.com\/wp-content\/uploads\/2021\/01\/editorial_lafuria_007-1486x2048.jpg 1486w\" sizes=\"(max-width: 1857px) 100vw, 1857px\" \/><\/figure><\/li><li class=\"blocks-gallery-item\"><figure><img loading=\"lazy\" decoding=\"async\" width=\"1691\" height=\"2560\" src=\"http:\/\/racccle.com\/wp-content\/uploads\/2021\/01\/editorial_lafuria_003-scaled.jpg\" alt=\"\" data-id=\"570\" data-full-url=\"http:\/\/racccle.com\/wp-content\/uploads\/2021\/01\/editorial_lafuria_003-scaled.jpg\" data-link=\"http:\/\/racccle.com\/index.php\/la-furia\/editorial_lafuria_003\/\" class=\"wp-image-570\" srcset=\"https:\/\/racccle.com\/wp-content\/uploads\/2021\/01\/editorial_lafuria_003-scaled.jpg 1691w, https:\/\/racccle.com\/wp-content\/uploads\/2021\/01\/editorial_lafuria_003-scaled-600x908.jpg 600w, https:\/\/racccle.com\/wp-content\/uploads\/2021\/01\/editorial_lafuria_003-198x300.jpg 198w, https:\/\/racccle.com\/wp-content\/uploads\/2021\/01\/editorial_lafuria_003-676x1024.jpg 676w, https:\/\/racccle.com\/wp-content\/uploads\/2021\/01\/editorial_lafuria_003-768x1163.jpg 768w, https:\/\/racccle.com\/wp-content\/uploads\/2021\/01\/editorial_lafuria_003-1015x1536.jpg 1015w, https:\/\/racccle.com\/wp-content\/uploads\/2021\/01\/editorial_lafuria_003-1353x2048.jpg 1353w\" sizes=\"(max-width: 1691px) 100vw, 1691px\" \/><\/figure><\/li><li class=\"blocks-gallery-item\"><figure><img loading=\"lazy\" decoding=\"async\" width=\"2048\" height=\"2560\" src=\"http:\/\/racccle.com\/wp-content\/uploads\/2021\/01\/editorial_lafuria_004-scaled.jpg\" alt=\"\" data-id=\"571\" data-full-url=\"http:\/\/racccle.com\/wp-content\/uploads\/2021\/01\/editorial_lafuria_004-scaled.jpg\" data-link=\"http:\/\/racccle.com\/index.php\/la-furia\/editorial_lafuria_004\/\" class=\"wp-image-571\" srcset=\"https:\/\/racccle.com\/wp-content\/uploads\/2021\/01\/editorial_lafuria_004-scaled.jpg 2048w, https:\/\/racccle.com\/wp-content\/uploads\/2021\/01\/editorial_lafuria_004-scaled-300x375.jpg 300w, https:\/\/racccle.com\/wp-content\/uploads\/2021\/01\/editorial_lafuria_004-scaled-600x750.jpg 600w, https:\/\/racccle.com\/wp-content\/uploads\/2021\/01\/editorial_lafuria_004-240x300.jpg 240w, https:\/\/racccle.com\/wp-content\/uploads\/2021\/01\/editorial_lafuria_004-819x1024.jpg 819w, https:\/\/racccle.com\/wp-content\/uploads\/2021\/01\/editorial_lafuria_004-768x960.jpg 768w, https:\/\/racccle.com\/wp-content\/uploads\/2021\/01\/editorial_lafuria_004-1229x1536.jpg 1229w, https:\/\/racccle.com\/wp-content\/uploads\/2021\/01\/editorial_lafuria_004-1639x2048.jpg 1639w\" sizes=\"(max-width: 2048px) 100vw, 2048px\" \/><\/figure><\/li><li class=\"blocks-gallery-item\"><figure><img loading=\"lazy\" decoding=\"async\" width=\"1707\" height=\"2560\" src=\"http:\/\/racccle.com\/wp-content\/uploads\/2021\/01\/editorial_lafuria_002-scaled.jpg\" alt=\"\" data-id=\"569\" data-full-url=\"http:\/\/racccle.com\/wp-content\/uploads\/2021\/01\/editorial_lafuria_002-scaled.jpg\" data-link=\"http:\/\/racccle.com\/index.php\/la-furia\/editorial_lafuria_002\/\" class=\"wp-image-569\" srcset=\"https:\/\/racccle.com\/wp-content\/uploads\/2021\/01\/editorial_lafuria_002-scaled.jpg 1707w, https:\/\/racccle.com\/wp-content\/uploads\/2021\/01\/editorial_lafuria_002-scaled-600x900.jpg 600w, https:\/\/racccle.com\/wp-content\/uploads\/2021\/01\/editorial_lafuria_002-200x300.jpg 200w, https:\/\/racccle.com\/wp-content\/uploads\/2021\/01\/editorial_lafuria_002-683x1024.jpg 683w, https:\/\/racccle.com\/wp-content\/uploads\/2021\/01\/editorial_lafuria_002-768x1152.jpg 768w, https:\/\/racccle.com\/wp-content\/uploads\/2021\/01\/editorial_lafuria_002-1024x1536.jpg 1024w, https:\/\/racccle.com\/wp-content\/uploads\/2021\/01\/editorial_lafuria_002-1365x2048.jpg 1365w\" sizes=\"(max-width: 1707px) 100vw, 1707px\" \/><\/figure><\/li><li class=\"blocks-gallery-item\"><figure><img loading=\"lazy\" decoding=\"async\" width=\"1828\" height=\"2560\" src=\"http:\/\/racccle.com\/wp-content\/uploads\/2021\/01\/editorial_lafuria_005-scaled.jpg\" alt=\"\" data-id=\"572\" data-full-url=\"http:\/\/racccle.com\/wp-content\/uploads\/2021\/01\/editorial_lafuria_005-scaled.jpg\" data-link=\"http:\/\/racccle.com\/index.php\/la-furia\/editorial_lafuria_005\/\" class=\"wp-image-572\" srcset=\"https:\/\/racccle.com\/wp-content\/uploads\/2021\/01\/editorial_lafuria_005-scaled.jpg 1828w, https:\/\/racccle.com\/wp-content\/uploads\/2021\/01\/editorial_lafuria_005-scaled-600x840.jpg 600w, https:\/\/racccle.com\/wp-content\/uploads\/2021\/01\/editorial_lafuria_005-214x300.jpg 214w, https:\/\/racccle.com\/wp-content\/uploads\/2021\/01\/editorial_lafuria_005-731x1024.jpg 731w, https:\/\/racccle.com\/wp-content\/uploads\/2021\/01\/editorial_lafuria_005-768x1076.jpg 768w, https:\/\/racccle.com\/wp-content\/uploads\/2021\/01\/editorial_lafuria_005-1097x1536.jpg 1097w, https:\/\/racccle.com\/wp-content\/uploads\/2021\/01\/editorial_lafuria_005-1462x2048.jpg 1462w\" sizes=\"(max-width: 1828px) 100vw, 1828px\" \/><\/figure><\/li><li class=\"blocks-gallery-item\"><figure><img loading=\"lazy\" decoding=\"async\" width=\"815\" height=\"816\" src=\"http:\/\/racccle.com\/wp-content\/uploads\/2021\/01\/editorial_lafuria_013.jpg\" alt=\"\" data-id=\"579\" data-full-url=\"http:\/\/racccle.com\/wp-content\/uploads\/2021\/01\/editorial_lafuria_013.jpg\" data-link=\"http:\/\/racccle.com\/index.php\/la-furia\/editorial_lafuria_013\/\" class=\"wp-image-579\" srcset=\"https:\/\/racccle.com\/wp-content\/uploads\/2021\/01\/editorial_lafuria_013.jpg 815w, https:\/\/racccle.com\/wp-content\/uploads\/2021\/01\/editorial_lafuria_013-100x100.jpg 100w, https:\/\/racccle.com\/wp-content\/uploads\/2021\/01\/editorial_lafuria_013-600x601.jpg 600w, https:\/\/racccle.com\/wp-content\/uploads\/2021\/01\/editorial_lafuria_013-300x300.jpg 300w, https:\/\/racccle.com\/wp-content\/uploads\/2021\/01\/editorial_lafuria_013-150x150.jpg 150w, https:\/\/racccle.com\/wp-content\/uploads\/2021\/01\/editorial_lafuria_013-768x769.jpg 768w, https:\/\/racccle.com\/wp-content\/uploads\/2021\/01\/editorial_lafuria_013-640x640.jpg 640w, https:\/\/racccle.com\/wp-content\/uploads\/2021\/01\/editorial_lafuria_013-480x480.jpg 480w, https:\/\/racccle.com\/wp-content\/uploads\/2021\/01\/editorial_lafuria_013-50x50.jpg 50w\" sizes=\"(max-width: 815px) 100vw, 815px\" \/><\/figure><\/li><\/ul><\/figure>\n\n\n\n<p><\/p>\n<\/div>\n<\/div>\n\n\n\n<div style=\"height:29px\" aria-hidden=\"true\" class=\"wp-block-spacer\"><\/div>\n\n\n\n<h3 class=\"has-text-align-center has-text-color wp-block-heading\" style=\"color:#ff0004\"><strong>Dise\u00f1o sudadera:<\/strong> @noesnormalquenomequiera <\/h3>\n\n\n\n<h3 class=\"has-text-align-center has-text-color wp-block-heading\" style=\"color:#ff0004\"><strong>Modelos: <\/strong>Ana Dom\u00ednguez, Franky (@pelo_crazy), Juan aka Furia (@juanakafuria), Racccle (@racccle) <\/h3>\n\n\n\n<h3 class=\"has-text-align-center has-text-color wp-block-heading\" style=\"color:#ff0004\"><strong>Iluminaci\u00f3n:<\/strong> Juan aka Furia, Racccle <\/h3>\n\n\n\n<h3 class=\"has-text-align-center has-text-color wp-block-heading\" style=\"color:#ff0004\"><strong>Fotograf\u00eda y edici\u00f3n:<\/strong> Racccle &amp; Juan aka Furia<\/h3>\n\n\n\n<div style=\"height:75px\" aria-hidden=\"true\" class=\"wp-block-spacer\"><\/div>\n\n\n\n<p><\/p>\n","protected":false},"excerpt":{"rendered":"<p class=\"excerpt\">La Furia Fotograf\u00edas promocionales de la sudadera UZI\u00b7LOVE No me duele para el colectivo La Furia, Sevilla\/Jerez &#8211; 2018\/2019 Dise\u00f1o sudadera: @noesnormalquenomequiera Modelos: Ana Dom\u00ednguez, Franky (@pelo_crazy), Juan aka Furia (@juanakafuria), Racccle (@racccle) Iluminaci\u00f3n: Juan aka Furia, Racccle Fotograf\u00eda y edici\u00f3n: Racccle &amp; Juan aka Furia<\/p>\n","protected":false},"author":1,"featured_media":0,"parent":0,"menu_order":0,"comment_status":"closed","ping_status":"closed","template":"template-blank.php","meta":{"_acf_changed":false,"_coblocks_attr":"","_coblocks_dimensions":"","_coblocks_responsive_height":"","_coblocks_accordion_ie_support":"","footnotes":""},"class_list":["post-39","page","type-page","status-publish","hentry"],"acf":[],"jetpack_sharing_enabled":true,"_links":{"self":[{"href":"https:\/\/racccle.com\/index.php\/wp-json\/wp\/v2\/pages\/39","targetHints":{"allow":["GET"]}}],"collection":[{"href":"https:\/\/racccle.com\/index.php\/wp-json\/wp\/v2\/pages"}],"about":[{"href":"https:\/\/racccle.com\/index.php\/wp-json\/wp\/v2\/types\/page"}],"author":[{"embeddable":true,"href":"https:\/\/racccle.com\/index.php\/wp-json\/wp\/v2\/users\/1"}],"replies":[{"embeddable":true,"href":"https:\/\/racccle.com\/index.php\/wp-json\/wp\/v2\/comments?post=39"}],"version-history":[{"count":52,"href":"https:\/\/racccle.com\/index.php\/wp-json\/wp\/v2\/pages\/39\/revisions"}],"predecessor-version":[{"id":634,"href":"https:\/\/racccle.com\/index.php\/wp-json\/wp\/v2\/pages\/39\/revisions\/634"}],"wp:attachment":[{"href":"https:\/\/racccle.com\/index.php\/wp-json\/wp\/v2\/media?parent=39"}],"curies":[{"name":"wp","href":"https:\/\/api.w.org\/{rel}","templated":true}]}}