{"id":3156,"date":"2022-04-10T18:48:30","date_gmt":"2022-04-10T16:48:30","guid":{"rendered":"https:\/\/racccle.com\/?page_id=3156"},"modified":"2025-07-20T17:48:17","modified_gmt":"2025-07-20T15:48:17","slug":"work","status":"publish","type":"page","link":"https:\/\/racccle.com\/index.php\/work\/","title":{"rendered":"Work"},"content":{"rendered":"\n<div style=\"height:50px\" aria-hidden=\"true\" class=\"wp-block-spacer\"><\/div>\n\n\n\n<div class=\"wp-block-columns is-layout-flex wp-container-core-columns-is-layout-9d6595d7 wp-block-columns-is-layout-flex\">\n<div class=\"wp-block-column is-layout-flow wp-block-column-is-layout-flow\" style=\"flex-basis:30%\"><\/div>\n\n\n\n<div class=\"wp-block-column is-layout-flow wp-block-column-is-layout-flow\" style=\"flex-basis:70%\">\n<div class=\"wp-block-columns is-layout-flex wp-container-core-columns-is-layout-9d6595d7 wp-block-columns-is-layout-flex\">\n<div class=\"wp-block-column is-layout-flow wp-block-column-is-layout-flow\">\n<figure class=\"wp-block-image size-full is-resized has-lightbox\"><a href=\"https:\/\/racccle.com\/index.php\/legit-concept-store-x-racccle\/\"><img fetchpriority=\"high\" decoding=\"async\" width=\"1810\" height=\"2560\" src=\"https:\/\/racccle.com\/wp-content\/uploads\/2025\/07\/POSTER_A3_001-2-scaled.jpg\" alt=\"Legit Racccle\" class=\"wp-image-4840\" style=\"width:365px;height:auto\" srcset=\"https:\/\/racccle.com\/wp-content\/uploads\/2025\/07\/POSTER_A3_001-2-scaled.jpg 1810w, https:\/\/racccle.com\/wp-content\/uploads\/2025\/07\/POSTER_A3_001-2-212x300.jpg 212w, https:\/\/racccle.com\/wp-content\/uploads\/2025\/07\/POSTER_A3_001-2-724x1024.jpg 724w, https:\/\/racccle.com\/wp-content\/uploads\/2025\/07\/POSTER_A3_001-2-768x1086.jpg 768w, https:\/\/racccle.com\/wp-content\/uploads\/2025\/07\/POSTER_A3_001-2-1086x1536.jpg 1086w, https:\/\/racccle.com\/wp-content\/uploads\/2025\/07\/POSTER_A3_001-2-1448x2048.jpg 1448w, https:\/\/racccle.com\/wp-content\/uploads\/2025\/07\/POSTER_A3_001-2-340x480.jpg 340w, https:\/\/racccle.com\/wp-content\/uploads\/2025\/07\/POSTER_A3_001-2-600x849.jpg 600w\" sizes=\"(max-width: 1810px) 100vw, 1810px\" \/><\/a><\/figure>\n\n\n\n<p class=\"has-text-color has-link-color wp-elements-b7a95b5c556d5b784a21fed93e2eb2bf\" style=\"color:#ff0000\"><strong>Legit Concept Store x Racccle<\/strong><\/p>\n\n\n\n<p class=\"has-text-color has-link-color wp-elements-061be030cbeb82de49c4819c109a3b2e\" style=\"color:#ff0000\">Instalaci\u00f3n \/ photocall<\/p>\n\n\n\n<div style=\"height:50px\" aria-hidden=\"true\" class=\"wp-block-spacer\"><\/div>\n\n\n\n<figure class=\"wp-block-image size-full is-resized has-lightbox\"><a href=\"https:\/\/racccle.com\/index.php\/salvar-donana\/\"><img decoding=\"async\" width=\"1134\" height=\"1507\" src=\"https:\/\/racccle.com\/wp-content\/uploads\/2024\/06\/SD_ANALOGICAS_54.jpg\" alt=\"Salvar Do\u00f1ana\" class=\"wp-image-4516\" style=\"width:386px;height:auto\" srcset=\"https:\/\/racccle.com\/wp-content\/uploads\/2024\/06\/SD_ANALOGICAS_54.jpg 1134w, https:\/\/racccle.com\/wp-content\/uploads\/2024\/06\/SD_ANALOGICAS_54-226x300.jpg 226w, https:\/\/racccle.com\/wp-content\/uploads\/2024\/06\/SD_ANALOGICAS_54-771x1024.jpg 771w, https:\/\/racccle.com\/wp-content\/uploads\/2024\/06\/SD_ANALOGICAS_54-768x1021.jpg 768w, https:\/\/racccle.com\/wp-content\/uploads\/2024\/06\/SD_ANALOGICAS_54-600x797.jpg 600w\" sizes=\"(max-width: 1134px) 100vw, 1134px\" \/><\/a><\/figure>\n\n\n\n<p class=\"has-text-align-left has-text-color has-link-color wp-elements-05d8f099d5dd8b3e59f1928cb1346831\" style=\"color:#fe0000\"><strong>\u00abCoser y cantar\u00bb x&nbsp;Salvar Do\u00f1ana<\/strong><\/p>\n\n\n\n<p class=\"has-text-align-left has-text-color has-link-color wp-elements-1aa306562a9e5b7da20721baab667a2c\" style=\"color:#fe0000\">Fotofija videoclip<\/p>\n\n\n\n<div style=\"height:50px\" aria-hidden=\"true\" class=\"wp-block-spacer\"><\/div>\n\n\n\n<figure class=\"wp-block-image size-large is-resized has-lightbox\"><a href=\"https:\/\/racccle.com\/index.php\/mi-abuelo-manolo\/\"><img decoding=\"async\" width=\"825\" height=\"1024\" src=\"https:\/\/racccle.com\/wp-content\/uploads\/2024\/04\/MAM_analogico_019-825x1024.jpg\" alt=\"\u00abMi Abuelo Manolo\u00bb x Eva Mena\" class=\"wp-image-4281\" style=\"width:366px;height:auto\" srcset=\"https:\/\/racccle.com\/wp-content\/uploads\/2024\/04\/MAM_analogico_019-825x1024.jpg 825w, https:\/\/racccle.com\/wp-content\/uploads\/2024\/04\/MAM_analogico_019-242x300.jpg 242w, https:\/\/racccle.com\/wp-content\/uploads\/2024\/04\/MAM_analogico_019-768x954.jpg 768w, https:\/\/racccle.com\/wp-content\/uploads\/2024\/04\/MAM_analogico_019-1237x1536.jpg 1237w, https:\/\/racccle.com\/wp-content\/uploads\/2024\/04\/MAM_analogico_019-1649x2048.jpg 1649w, https:\/\/racccle.com\/wp-content\/uploads\/2024\/04\/MAM_analogico_019-600x745.jpg 600w\" sizes=\"(max-width: 825px) 100vw, 825px\" \/><\/a><\/figure>\n\n\n\n<p class=\"has-text-color has-link-color wp-elements-955764bfb52a25f82d801bcc2f8e5b82\" style=\"color:#ff0000\"><strong>\u00abMi Abuelo Manolo\u00bb x Eva Mena<\/strong><\/p>\n\n\n\n<p class=\"has-text-color has-link-color wp-elements-c96a292279e0b1253954b49c39cb318b\" style=\"color:#ff0000\">Fotofija documental<\/p>\n\n\n\n<div style=\"height:50px\" aria-hidden=\"true\" class=\"wp-block-spacer\"><\/div>\n\n\n\n<figure class=\"wp-block-image size-large is-resized has-lightbox\"><a href=\"https:\/\/racccle.com\/index.php\/lole-montoya\/\"><img loading=\"lazy\" decoding=\"async\" width=\"778\" height=\"1024\" src=\"https:\/\/racccle.com\/wp-content\/uploads\/2024\/02\/Kentmere400_12-1-778x1024.jpg\" alt=\"Lole Montoya\" class=\"wp-image-4137\" style=\"width:372px;height:auto\" srcset=\"https:\/\/racccle.com\/wp-content\/uploads\/2024\/02\/Kentmere400_12-1-778x1024.jpg 778w, https:\/\/racccle.com\/wp-content\/uploads\/2024\/02\/Kentmere400_12-1-228x300.jpg 228w, https:\/\/racccle.com\/wp-content\/uploads\/2024\/02\/Kentmere400_12-1-768x1011.jpg 768w, https:\/\/racccle.com\/wp-content\/uploads\/2024\/02\/Kentmere400_12-1-1167x1536.jpg 1167w, https:\/\/racccle.com\/wp-content\/uploads\/2024\/02\/Kentmere400_12-1-1556x2048.jpg 1556w, https:\/\/racccle.com\/wp-content\/uploads\/2024\/02\/Kentmere400_12-1-600x790.jpg 600w, https:\/\/racccle.com\/wp-content\/uploads\/2024\/02\/Kentmere400_12-1-scaled.jpg 1945w\" sizes=\"(max-width: 778px) 100vw, 778px\" \/><\/a><\/figure>\n\n\n\n<p class=\"has-text-color has-link-color wp-elements-b60f441962825586860f089f01207e43\" style=\"color:#ff0000\"><strong>Lole Montoya<\/strong><\/p>\n\n\n\n<p class=\"has-text-color has-link-color wp-elements-42e6ef860b997fcb638599b1ed306375\" style=\"color:#ff0000\">Fotofija<\/p>\n\n\n\n<div style=\"height:50px\" aria-hidden=\"true\" class=\"wp-block-spacer\"><\/div>\n\n\n\n<figure class=\"wp-block-image size-full is-resized\"><a href=\"https:\/\/racccle.com\/index.php\/enzo-blues\/\"><img loading=\"lazy\" decoding=\"async\" width=\"1890\" height=\"2304\" src=\"https:\/\/racccle.com\/wp-content\/uploads\/2023\/06\/img090.jpg\" alt=\"EnzoBlues x Maria Medem\" class=\"wp-image-3757\" style=\"width:373px;height:auto\" srcset=\"https:\/\/racccle.com\/wp-content\/uploads\/2023\/06\/img090.jpg 1890w, https:\/\/racccle.com\/wp-content\/uploads\/2023\/06\/img090-246x300.jpg 246w, https:\/\/racccle.com\/wp-content\/uploads\/2023\/06\/img090-840x1024.jpg 840w, https:\/\/racccle.com\/wp-content\/uploads\/2023\/06\/img090-768x936.jpg 768w, https:\/\/racccle.com\/wp-content\/uploads\/2023\/06\/img090-1260x1536.jpg 1260w, https:\/\/racccle.com\/wp-content\/uploads\/2023\/06\/img090-1680x2048.jpg 1680w, https:\/\/racccle.com\/wp-content\/uploads\/2023\/06\/img090-1320x1609.jpg 1320w, https:\/\/racccle.com\/wp-content\/uploads\/2023\/06\/img090-600x731.jpg 600w\" sizes=\"(max-width: 1890px) 100vw, 1890px\" \/><\/a><\/figure>\n\n\n\n<p class=\"has-text-color has-link-color wp-elements-7df74256bf46610cf04de897db97621f\" style=\"color:#ff0000\"><strong>EnzoBlues x Maria Medem<\/strong><\/p>\n\n\n\n<p class=\"has-text-color has-link-color wp-elements-f41896547f6ba130a6a9198b055c49bf\" style=\"color:#ff0000\">Fotograf\u00eda editorial<\/p>\n\n\n\n<div style=\"height:50px\" aria-hidden=\"true\" class=\"wp-block-spacer\"><\/div>\n\n\n\n<figure class=\"wp-block-image size-full is-resized\"><a href=\"https:\/\/racccle.com\/index.php\/por-culpa-de-una-flor\/\"><img loading=\"lazy\" decoding=\"async\" width=\"1417\" height=\"1730\" src=\"https:\/\/racccle.com\/wp-content\/uploads\/2023\/06\/120_004-2.jpg\" alt=\"MARIA MEDEM\" class=\"wp-image-3656\" style=\"width:374px;height:auto\" srcset=\"https:\/\/racccle.com\/wp-content\/uploads\/2023\/06\/120_004-2.jpg 1417w, https:\/\/racccle.com\/wp-content\/uploads\/2023\/06\/120_004-2-246x300.jpg 246w, https:\/\/racccle.com\/wp-content\/uploads\/2023\/06\/120_004-2-839x1024.jpg 839w, https:\/\/racccle.com\/wp-content\/uploads\/2023\/06\/120_004-2-768x938.jpg 768w, https:\/\/racccle.com\/wp-content\/uploads\/2023\/06\/120_004-2-1258x1536.jpg 1258w, https:\/\/racccle.com\/wp-content\/uploads\/2023\/06\/120_004-2-1320x1612.jpg 1320w, https:\/\/racccle.com\/wp-content\/uploads\/2023\/06\/120_004-2-600x733.jpg 600w\" sizes=\"(max-width: 1417px) 100vw, 1417px\" \/><\/a><\/figure>\n\n\n\n<p class=\"has-text-color has-link-color wp-elements-2310089ece49bc80107d03be07508327\" style=\"color:#ff0000\"><strong><strong>\u00abPor culpa de una flor\u00bb&nbsp;Mar\u00eda Medem x Kingki Toys<\/strong><\/strong><\/p>\n\n\n\n<p class=\"has-text-color has-link-color wp-elements-635d695af6f57f56444ff7bcd198caf0\" style=\"color:#ff0000\">Fotograf\u00eda de producto<\/p>\n\n\n\n<div style=\"height:50px\" aria-hidden=\"true\" class=\"wp-block-spacer\"><\/div>\n\n\n\n<figure class=\"wp-block-image size-full is-resized has-lightbox\"><a href=\"https:\/\/racccle.com\/index.php\/fera-ferrum\/\"><img loading=\"lazy\" decoding=\"async\" width=\"1851\" height=\"2560\" src=\"https:\/\/racccle.com\/wp-content\/uploads\/2023\/06\/analogicas_009-1-scaled.jpg\" alt=\"\" class=\"wp-image-3636\" style=\"aspect-ratio:0.75;object-fit:cover;width:372px;height:auto\" srcset=\"https:\/\/racccle.com\/wp-content\/uploads\/2023\/06\/analogicas_009-1-scaled.jpg 1851w, https:\/\/racccle.com\/wp-content\/uploads\/2023\/06\/analogicas_009-1-217x300.jpg 217w, https:\/\/racccle.com\/wp-content\/uploads\/2023\/06\/analogicas_009-1-740x1024.jpg 740w, https:\/\/racccle.com\/wp-content\/uploads\/2023\/06\/analogicas_009-1-768x1062.jpg 768w, https:\/\/racccle.com\/wp-content\/uploads\/2023\/06\/analogicas_009-1-1110x1536.jpg 1110w, https:\/\/racccle.com\/wp-content\/uploads\/2023\/06\/analogicas_009-1-1481x2048.jpg 1481w, https:\/\/racccle.com\/wp-content\/uploads\/2023\/06\/analogicas_009-1-1320x1826.jpg 1320w, https:\/\/racccle.com\/wp-content\/uploads\/2023\/06\/analogicas_009-1-600x830.jpg 600w\" sizes=\"(max-width: 1851px) 100vw, 1851px\" \/><\/a><\/figure>\n\n\n\n<p class=\"has-text-color has-link-color wp-elements-aafb76927d76cea09bd36dba886b9bab\" style=\"color:#ff0000\"><strong>Fera Ferrum<\/strong><\/p>\n\n\n\n<p class=\"has-text-color has-link-color wp-elements-635d695af6f57f56444ff7bcd198caf0\" style=\"color:#ff0000\">Fotograf\u00eda de producto<\/p>\n\n\n\n<div style=\"height:50px\" aria-hidden=\"true\" class=\"wp-block-spacer\"><\/div>\n\n\n\n<figure class=\"wp-block-image size-large is-resized has-lightbox\"><a href=\"https:\/\/racccle.com\/index.php\/califato-3x4\/\"><img loading=\"lazy\" decoding=\"async\" width=\"820\" height=\"1024\" src=\"https:\/\/racccle.com\/wp-content\/uploads\/2022\/04\/Montaje_intervencion_01_-820x1024.jpg\" alt=\"Califato 3\/4\" class=\"wp-image-3270\" style=\"width:402px;height:auto\" srcset=\"https:\/\/racccle.com\/wp-content\/uploads\/2022\/04\/Montaje_intervencion_01_-820x1024.jpg 820w, https:\/\/racccle.com\/wp-content\/uploads\/2022\/04\/Montaje_intervencion_01_-240x300.jpg 240w, https:\/\/racccle.com\/wp-content\/uploads\/2022\/04\/Montaje_intervencion_01_-768x960.jpg 768w, https:\/\/racccle.com\/wp-content\/uploads\/2022\/04\/Montaje_intervencion_01_-1229x1536.jpg 1229w, https:\/\/racccle.com\/wp-content\/uploads\/2022\/04\/Montaje_intervencion_01_-1639x2048.jpg 1639w, https:\/\/racccle.com\/wp-content\/uploads\/2022\/04\/Montaje_intervencion_01_-1320x1649.jpg 1320w, https:\/\/racccle.com\/wp-content\/uploads\/2022\/04\/Montaje_intervencion_01_-300x375.jpg 300w, https:\/\/racccle.com\/wp-content\/uploads\/2022\/04\/Montaje_intervencion_01_-600x750.jpg 600w, https:\/\/racccle.com\/wp-content\/uploads\/2022\/04\/Montaje_intervencion_01_.jpg 1772w\" sizes=\"(max-width: 820px) 100vw, 820px\" \/><\/a><\/figure>\n\n\n\n<p class=\"has-text-color has-link-color wp-elements-46655ca44a28f5990bbe1a0e1d62bbbc\" style=\"color:#ff0000\"><strong>Califato 3\/4<\/strong><\/p>\n\n\n\n<p class=\"has-text-color has-link-color wp-elements-007a9bb7506ac59347e665e02af8d547\" style=\"color:#ff0000\">Fotograf\u00eda y arte para promo<\/p>\n\n\n\n<div style=\"height:50px\" aria-hidden=\"true\" class=\"wp-block-spacer\"><\/div>\n\n\n\n<figure class=\"wp-block-image size-full is-resized has-lightbox\"><a href=\"https:\/\/racccle.com\/index.php\/fotografia-de-embarazo\/\"><img loading=\"lazy\" decoding=\"async\" width=\"1772\" height=\"2481\" src=\"https:\/\/racccle.com\/wp-content\/uploads\/2023\/06\/Rosana_036-1.jpg\" alt=\"Sesiones de embarazada\" class=\"wp-image-3691\" style=\"aspect-ratio:0.75;object-fit:cover;width:374px;height:auto\" srcset=\"https:\/\/racccle.com\/wp-content\/uploads\/2023\/06\/Rosana_036-1.jpg 1772w, https:\/\/racccle.com\/wp-content\/uploads\/2023\/06\/Rosana_036-1-214x300.jpg 214w, https:\/\/racccle.com\/wp-content\/uploads\/2023\/06\/Rosana_036-1-731x1024.jpg 731w, https:\/\/racccle.com\/wp-content\/uploads\/2023\/06\/Rosana_036-1-768x1075.jpg 768w, https:\/\/racccle.com\/wp-content\/uploads\/2023\/06\/Rosana_036-1-1097x1536.jpg 1097w, https:\/\/racccle.com\/wp-content\/uploads\/2023\/06\/Rosana_036-1-1463x2048.jpg 1463w, https:\/\/racccle.com\/wp-content\/uploads\/2023\/06\/Rosana_036-1-1320x1848.jpg 1320w, https:\/\/racccle.com\/wp-content\/uploads\/2023\/06\/Rosana_036-1-600x840.jpg 600w\" sizes=\"(max-width: 1772px) 100vw, 1772px\" \/><\/a><\/figure>\n\n\n\n<p class=\"has-text-color has-link-color wp-elements-6ebbcf844243764b752446edf23d1301\" style=\"color:#ff0000\"><strong>Sesiones de embarazada<\/strong><\/p>\n\n\n\n<p class=\"has-text-color has-link-color wp-elements-34784512ae4359cc1f9377966864a837\" style=\"color:#ff0000\">Fotograf\u00eda de estudio y exteriores<br><\/p>\n\n\n\n<div style=\"height:50px\" aria-hidden=\"true\" class=\"wp-block-spacer\"><\/div>\n\n\n\n<figure class=\"wp-block-image size-full is-resized has-lightbox\"><a href=\"https:\/\/racccle.com\/index.php\/fight-club\/\"><img loading=\"lazy\" decoding=\"async\" width=\"1701\" height=\"2226\" src=\"https:\/\/racccle.com\/wp-content\/uploads\/2025\/07\/RACCCLE_1117.jpg\" alt=\"\" class=\"wp-image-5006\" style=\"aspect-ratio:0.75;object-fit:cover;width:374px;height:auto\" srcset=\"https:\/\/racccle.com\/wp-content\/uploads\/2025\/07\/RACCCLE_1117.jpg 1701w, https:\/\/racccle.com\/wp-content\/uploads\/2025\/07\/RACCCLE_1117-229x300.jpg 229w, https:\/\/racccle.com\/wp-content\/uploads\/2025\/07\/RACCCLE_1117-782x1024.jpg 782w, https:\/\/racccle.com\/wp-content\/uploads\/2025\/07\/RACCCLE_1117-768x1005.jpg 768w, https:\/\/racccle.com\/wp-content\/uploads\/2025\/07\/RACCCLE_1117-1174x1536.jpg 1174w, https:\/\/racccle.com\/wp-content\/uploads\/2025\/07\/RACCCLE_1117-1565x2048.jpg 1565w, https:\/\/racccle.com\/wp-content\/uploads\/2025\/07\/RACCCLE_1117-600x785.jpg 600w\" sizes=\"(max-width: 1701px) 100vw, 1701px\" \/><\/a><\/figure>\n\n\n\n<p class=\"has-text-color has-link-color wp-elements-52984271fa7db9009d922c53eb69872f\" style=\"color:#ff0000\"><strong>Por diversi\u00f3n<\/strong><\/p>\n<\/div>\n<\/div>\n<\/div>\n<\/div>\n\n\n\n<div style=\"height:100px\" aria-hidden=\"true\" class=\"wp-block-spacer\"><\/div>\n\n\n\n<p><\/p>\n","protected":false},"excerpt":{"rendered":"<p class=\"excerpt\">Legit Concept Store x Racccle Instalaci\u00f3n \/ photocall \u00abCoser y cantar\u00bb x&nbsp;Salvar Do\u00f1ana Fotofija videoclip \u00abMi Abuelo Manolo\u00bb x Eva Mena Fotofija documental Lole Montoya Fotofija EnzoBlues x Maria Medem Fotograf\u00eda editorial \u00abPor culpa de una flor\u00bb&nbsp;Mar\u00eda Medem x Kingki Toys Fotograf\u00eda de producto Fera Ferrum Fotograf\u00eda de producto Califato 3\/4 Fotograf\u00eda y arte para [&hellip;]<\/p>\n","protected":false},"author":1,"featured_media":0,"parent":0,"menu_order":0,"comment_status":"closed","ping_status":"closed","template":"template-blank.php","meta":{"_acf_changed":false,"_coblocks_attr":"Playfair Display,Playfair Display","_coblocks_dimensions":"","_coblocks_responsive_height":"","_coblocks_accordion_ie_support":"","footnotes":""},"class_list":["post-3156","page","type-page","status-publish","hentry"],"acf":[],"jetpack_sharing_enabled":true,"_links":{"self":[{"href":"https:\/\/racccle.com\/index.php\/wp-json\/wp\/v2\/pages\/3156","targetHints":{"allow":["GET"]}}],"collection":[{"href":"https:\/\/racccle.com\/index.php\/wp-json\/wp\/v2\/pages"}],"about":[{"href":"https:\/\/racccle.com\/index.php\/wp-json\/wp\/v2\/types\/page"}],"author":[{"embeddable":true,"href":"https:\/\/racccle.com\/index.php\/wp-json\/wp\/v2\/users\/1"}],"replies":[{"embeddable":true,"href":"https:\/\/racccle.com\/index.php\/wp-json\/wp\/v2\/comments?post=3156"}],"version-history":[{"count":71,"href":"https:\/\/racccle.com\/index.php\/wp-json\/wp\/v2\/pages\/3156\/revisions"}],"predecessor-version":[{"id":5020,"href":"https:\/\/racccle.com\/index.php\/wp-json\/wp\/v2\/pages\/3156\/revisions\/5020"}],"wp:attachment":[{"href":"https:\/\/racccle.com\/index.php\/wp-json\/wp\/v2\/media?parent=3156"}],"curies":[{"name":"wp","href":"https:\/\/api.w.org\/{rel}","templated":true}]}}